{"id":15,"date":"2021-08-24T09:13:32","date_gmt":"2021-08-24T09:13:32","guid":{"rendered":"http:\/\/hofindustrie.ch\/?page_id=15"},"modified":"2025-07-08T06:44:00","modified_gmt":"2025-07-08T06:44:00","slug":"hof-industrie","status":"publish","type":"page","link":"https:\/\/hofindustrie.ch\/","title":{"rendered":""},"content":{"rendered":"\t\t<div data-elementor-type=\"wp-page\" data-elementor-id=\"15\" class=\"elementor elementor-15\">\n\t\t\t\t<div class=\"elementor-element elementor-element-5b957ca e-flex e-con-boxed e-con e-parent\" data-id=\"5b957ca\" data-element_type=\"container\" data-e-type=\"container\">\n\t\t\t\t\t<div class=\"e-con-inner\">\n\t\t\t\t\t<\/div>\n\t\t\t\t<\/div>\n\t\t<div class=\"elementor-element elementor-element-b185520 e-flex e-con-boxed e-con e-parent\" data-id=\"b185520\" data-element_type=\"container\" data-e-type=\"container\">\n\t\t\t\t\t<div class=\"e-con-inner\">\n\t\t\t\t\t<\/div>\n\t\t\t\t<\/div>\n\t\t<div class=\"elementor-element elementor-element-c3ef6d3 e-flex e-con-boxed e-con e-parent\" data-id=\"c3ef6d3\" data-element_type=\"container\" data-e-type=\"container\">\n\t\t\t\t\t<div class=\"e-con-inner\">\n\t\t\t\t<div class=\"elementor-element elementor-element-330c74e elementor-widget elementor-widget-heading\" data-id=\"330c74e\" data-element_type=\"widget\" data-e-type=\"widget\" data-widget_type=\"heading.default\">\n\t\t\t\t<div class=\"elementor-widget-container\">\n\t\t\t\t\t<h1 class=\"elementor-heading-title elementor-size-default\">Hof Industrie AG<\/h1>\t\t\t\t<\/div>\n\t\t\t\t<\/div>\n\t\t\t\t\t<\/div>\n\t\t\t\t<\/div>\n\t\t<div class=\"elementor-element elementor-element-ffed8e6 e-flex e-con-boxed e-con e-parent\" data-id=\"ffed8e6\" data-element_type=\"container\" data-e-type=\"container\">\n\t\t\t\t\t<div class=\"e-con-inner\">\n\t\t\t\t<div class=\"elementor-element elementor-element-3953be8 elementor-widget elementor-widget-text-editor\" data-id=\"3953be8\" data-element_type=\"widget\" data-e-type=\"widget\" data-widget_type=\"text-editor.default\">\n\t\t\t\t<div class=\"elementor-widget-container\">\n\t\t\t\t\t\t\t\t\t<p>Wir vermieten an der Hofstrasse 1 in Romanshorn neue Lager-, Produktions- und B\u00fcrofl\u00e4chen. Die Liegenschaft verf\u00fcgt \u00fcber eine Anlieferstation f\u00fcr LKWs hinter dem Geb\u00e4ude sowie eine Hebeb\u00fchne. Innerhalb der Lager-, und Produktionsfl\u00e4chen befinden sich ebenfalls zwei Warenaufz\u00fcge sowie ein Autolift und 2 Personenaufz\u00fcge. Auch verf\u00fcgen die Fl\u00e4chen \u00fcber B\u00fcros, welche sich angrenzend an die Lagerfl\u00e4chen befinden.<\/p>\t\t\t\t\t\t\t\t<\/div>\n\t\t\t\t<\/div>\n\t\t\t\t\t<\/div>\n\t\t\t\t<\/div>\n\t\t<div class=\"elementor-element elementor-element-e17f34b e-flex e-con-boxed e-con e-parent\" data-id=\"e17f34b\" data-element_type=\"container\" data-e-type=\"container\">\n\t\t\t\t\t<div class=\"e-con-inner\">\n\t\t<div class=\"elementor-element elementor-element-28849de e-con-full e-flex e-con e-child\" data-id=\"28849de\" data-element_type=\"container\" data-e-type=\"container\">\n\t\t\t\t<div class=\"elementor-element elementor-element-dc5345d elementor-widget elementor-widget-text-editor\" data-id=\"dc5345d\" data-element_type=\"widget\" data-e-type=\"widget\" data-widget_type=\"text-editor.default\">\n\t\t\t\t<div class=\"elementor-widget-container\">\n\t\t\t\t\t\t\t\t\t<p><strong>Ausstattung:<\/strong><\/p><ul><li>Parkierung: Tiefgarage oder Aussenparkpl\u00e4tze<\/li><li>Autolift: Mit dem vorhandenen Autolift ist die R\u00e4umlichkeit \u00fcberdurchschnittlich erschlossen.<\/li><li>Dockingstation: Eine praktische Dockingstation erm\u00f6glicht Ihnen das bequeme Laden und Entladen von LKW`s.<\/li><li>LKW-Rampe: Die spezielle Rampe f\u00fcr LKWs bietet Ihnen eine reibungslose Verladung und Entladung von Waren.<\/li><li>Scherenb\u00fchne: Nutzen Sie die Scherenb\u00fchne, um Anh\u00e4nger oder un\u00fcbliche Ladeh\u00f6hen zu meistern.<\/li><li>PV-Anlage: Die PV-Anlage sorgt f\u00fcr eine nachhaltige Energieversorgung und erm\u00f6glicht Ihnen gr\u00fcnes Arbeiten.<\/li><li>Raumh\u00f6he: Die Grossz\u00fcgige Raumh\u00f6he von \u00fcber 4 bis 4.5 Metern (je nach Lage im Raum) bietet Ihnen maximale Flexibilit\u00e4t bei der Gestaltung Ihrer Arbeitsumgebung.\u00a0<\/li><\/ul>\t\t\t\t\t\t\t\t<\/div>\n\t\t\t\t<\/div>\n\t\t\t\t<\/div>\n\t\t<div class=\"elementor-element elementor-element-e5d17e5 e-con-full e-flex e-con e-child\" data-id=\"e5d17e5\" data-element_type=\"container\" data-e-type=\"container\">\n\t\t\t\t<div class=\"elementor-element elementor-element-e8c58b2 elementor-widget elementor-widget-text-editor\" data-id=\"e8c58b2\" data-element_type=\"widget\" data-e-type=\"widget\" data-widget_type=\"text-editor.default\">\n\t\t\t\t<div class=\"elementor-widget-container\">\n\t\t\t\t\t\t\t\t\t<p><strong>Highlights:<\/strong><\/p><ul><li>Ger\u00e4umige 1\u2019619<strong>\u00a0<\/strong>m2 Fl\u00e4che im Ergeschoss inkluisve Laderampe f\u00fcr LKW.<\/li><li>Ger\u00e4umige 1\u2019845<strong>\u00a0<\/strong>m2 Fl\u00e4che im zweiten Obergeschoss.<\/li><li>Ca. 200 m2 B\u00fcrofl\u00e4che mit edlem Parkettboden inklusive K\u00fcche und WC.<\/li><li>Modernes Geb\u00e4ude und hochwertige Ausstattung schaffen eine professionelle Arbeitsatmosph\u00e4re.<\/li><li>Hervorragende Lage an der Kantonsstrasse mit guter Sichtbarkeit und Erreichbarkeit f\u00fcr Kunden und Lieferanten.<\/li><li>Die aktive K\u00fchlung sorgt f\u00fcr ein angenehmes Klima im Sommer.<\/li><\/ul>\t\t\t\t\t\t\t\t<\/div>\n\t\t\t\t<\/div>\n\t\t\t\t<\/div>\n\t\t\t\t\t<\/div>\n\t\t\t\t<\/div>\n\t\t<div class=\"elementor-element elementor-element-1e920ab e-flex e-con-boxed e-con e-parent\" data-id=\"1e920ab\" data-element_type=\"container\" data-e-type=\"container\">\n\t\t\t\t\t<div class=\"e-con-inner\">\n\t\t<div class=\"elementor-element elementor-element-27671ba e-con-full e-flex e-con e-child\" data-id=\"27671ba\" data-element_type=\"container\" data-e-type=\"container\">\n\t\t\t\t<div class=\"elementor-element elementor-element-808b9a8 elementor-widget elementor-widget-text-editor\" data-id=\"808b9a8\" data-element_type=\"widget\" data-e-type=\"widget\" data-widget_type=\"text-editor.default\">\n\t\t\t\t<div class=\"elementor-widget-container\">\n\t\t\t\t\t\t\t\t\t<p><strong>Lage:<\/strong><\/p><p>Die Gewerbeimmobilie befindet sich direkt an der Kantonsstrasse am Kreisverkehr in Romanshorn. Diese strategisch g\u00fcnstige Lage bietet Ihnen optimale Anbindung an Verkehrswege und eine Vielzahl von Gesch\u00e4ften und Dienstleistern in der N\u00e4he. Eine neue SBB-Haltestelle ist ebenfalls in Planung.<\/p><p><strong>Konditionen:<\/strong><\/p><ul><li>Mietfl\u00e4che: ca. 3&#8217;400 m2 oder Teilbereich nach Absprache<\/li><li>Mietpreis je nach Dauer und Fl\u00e4che<\/li><li>Vertragslaufzeit nach Vereinbarung.<\/li><\/ul>\t\t\t\t\t\t\t\t<\/div>\n\t\t\t\t<\/div>\n\t\t\t\t<\/div>\n\t\t<div class=\"elementor-element elementor-element-b8c9cb0 e-con-full e-flex e-con e-child\" data-id=\"b8c9cb0\" data-element_type=\"container\" data-e-type=\"container\">\n\t\t\t\t<div class=\"elementor-element elementor-element-1ae2970 elementor-widget elementor-widget-html\" data-id=\"1ae2970\" data-element_type=\"widget\" data-e-type=\"widget\" data-widget_type=\"html.default\">\n\t\t\t\t<div class=\"elementor-widget-container\">\n\t\t\t\t\t<iframe src=\"https:\/\/www.google.com\/maps\/embed?pb=!1m18!1m12!1m3!1d2692.4989908659877!2d9.366332976390241!3d47.55807897118536!2m3!1f0!2f0!3f0!3m2!1i1024!2i768!4f13.1!3m3!1m2!1s0x479afd41e529a4c9%3A0x6dc33390632f939c!2sHofstrasse%201%2C%208590%20Romanshorn!5e0!3m2!1sde!2sch!4v1739873065912!5m2!1sde!2sch\" style=\"width:100%; height:auto; min-height:500px;\"><\/iframe>\t\t\t\t<\/div>\n\t\t\t\t<\/div>\n\t\t\t\t<\/div>\n\t\t\t\t\t<\/div>\n\t\t\t\t<\/div>\n\t\t<div class=\"elementor-element elementor-element-0cd2dc2 e-flex e-con-boxed e-con e-parent\" data-id=\"0cd2dc2\" data-element_type=\"container\" data-e-type=\"container\">\n\t\t\t\t\t<div class=\"e-con-inner\">\n\t\t\t\t<div class=\"elementor-element elementor-element-ff0a7d2 elementor-widget elementor-widget-spacer\" data-id=\"ff0a7d2\" data-element_type=\"widget\" data-e-type=\"widget\" data-widget_type=\"spacer.default\">\n\t\t\t\t<div class=\"elementor-widget-container\">\n\t\t\t\t\t\t\t<div class=\"elementor-spacer\">\n\t\t\t<div class=\"elementor-spacer-inner\"><\/div>\n\t\t<\/div>\n\t\t\t\t\t\t<\/div>\n\t\t\t\t<\/div>\n\t\t\t\t\t<\/div>\n\t\t\t\t<\/div>\n\t\t\t\t<\/div>\n\t\t","protected":false},"excerpt":{"rendered":"<p>Hof Industrie AG Wir vermieten an der Hofstrasse 1 in Romanshorn neue Lager-, Produktions- und B\u00fcrofl\u00e4chen. Die Liegenschaft verf\u00fcgt \u00fcber eine Anlieferstation f\u00fcr LKWs hinter dem Geb\u00e4ude sowie eine Hebeb\u00fchne. Innerhalb der Lager-, und Produktionsfl\u00e4chen befinden sich ebenfalls zwei Warenaufz\u00fcge sowie ein Autolift und 2 Personenaufz\u00fcge. Auch verf\u00fcgen die Fl\u00e4chen \u00fcber B\u00fcros, welche sich angrenzend [&hellip;]<\/p>\n","protected":false},"author":1,"featured_media":0,"parent":0,"menu_order":0,"comment_status":"closed","ping_status":"closed","template":"","meta":{"footnotes":""},"class_list":["post-15","page","type-page","status-publish","hentry"],"_links":{"self":[{"href":"https:\/\/hofindustrie.ch\/index.php?rest_route=\/wp\/v2\/pages\/15","targetHints":{"allow":["GET"]}}],"collection":[{"href":"https:\/\/hofindustrie.ch\/index.php?rest_route=\/wp\/v2\/pages"}],"about":[{"href":"https:\/\/hofindustrie.ch\/index.php?rest_route=\/wp\/v2\/types\/page"}],"author":[{"embeddable":true,"href":"https:\/\/hofindustrie.ch\/index.php?rest_route=\/wp\/v2\/users\/1"}],"replies":[{"embeddable":true,"href":"https:\/\/hofindustrie.ch\/index.php?rest_route=%2Fwp%2Fv2%2Fcomments&post=15"}],"version-history":[{"count":43,"href":"https:\/\/hofindustrie.ch\/index.php?rest_route=\/wp\/v2\/pages\/15\/revisions"}],"predecessor-version":[{"id":130,"href":"https:\/\/hofindustrie.ch\/index.php?rest_route=\/wp\/v2\/pages\/15\/revisions\/130"}],"wp:attachment":[{"href":"https:\/\/hofindustrie.ch\/index.php?rest_route=%2Fwp%2Fv2%2Fmedia&parent=15"}],"curies":[{"name":"wp","href":"https:\/\/api.w.org\/{rel}","templated":true}]}}