{"id":19,"date":"2021-08-24T09:17:18","date_gmt":"2021-08-24T09:17:18","guid":{"rendered":"http:\/\/hofindustrie.ch\/?page_id=19"},"modified":"2024-03-13T08:56:24","modified_gmt":"2024-03-13T08:56:24","slug":"impressum","status":"publish","type":"page","link":"https:\/\/hofindustrie.ch\/?page_id=19","title":{"rendered":"Impressum"},"content":{"rendered":"\n<h2 class=\"wp-block-heading\">Betreiber der Website und verantwortlich f\u00fcr den Inhalt<\/h2>\n\n\n\n<p>Hof Industrie AG<br>Florastrasse 1<br>CH-8590 Romanshorn<br><\/p>\n\n\n\n<h2 class=\"wp-block-heading\">Urheberrechte und Markenrechte<\/h2>\n\n\n\n<p>Alle Rechte des gesamten Inhaltes und der Abbildungen auf www.hofindustrie.ch, nachfolgend Website genannt, sind Eigentum der Projekt Bau AG, nachfolgend Betreiber genannt. Namen und Logos auf den Webseiten des Betreibers welche Marken darstellen, geniessen den entsprechenden Schutz. Die durch den Betreiber erstellten Inhalte auf der Website unterliegen dem schweizerischen Urheberrecht. Die Vervielf\u00e4ltigung, Bearbeitung, Verbreitung und jede Art der Verwertung ausserhalb der Grenzen des Urheberrechtes bed\u00fcrfen der schriftlichen Zustimmung des Betreibers. Downloads und Kopien dieser Seite sind nur f\u00fcr den privaten, nicht kommerziellen Gebrauch gestattet.<\/p>\n\n\n\n<h2 class=\"wp-block-heading\">Haftung f\u00fcr Inhalte<\/h2>\n\n\n\n<p>Der Betreiber ist f\u00fcr eigene Inhalte auf der Website nach den allgemein g\u00fcltigen Gesetzen verantwortlich. Die Inhalte der Website wurden mit gr\u00f6sster Sorgfalt erstellt. F\u00fcr die Richtigkeit, Vollst\u00e4ndigkeit und Aktualit\u00e4t der Inhalte kann der Betreiber jedoch keine Gew\u00e4hr \u00fcbernehmen.<\/p>\n\n\n\n<h2 class=\"wp-block-heading\">Haftung f\u00fcr Links<\/h2>\n\n\n\n<p>Die Website enth\u00e4lt Links zu externen Webseiten Dritter, auf deren Inhalte der Betreiber keinen Einfluss hat. Deshalb kann er f\u00fcr diese fremden Inhalte auch keine Gew\u00e4hr \u00fcbernehmen. F\u00fcr die Inhalte der verlinkten Seiten ist stets der jeweilige Anbieter oder Betreiber der Seiten verantwortlich. Die verlinkten Seiten wurden zum Zeitpunkt der Verlinkung auf m\u00f6gliche Rechtsverst\u00f6sse \u00fcberpr\u00fcft. Rechtswidrige Inhalte waren zum Zeitpunkt der Verlinkung nicht erkennbar. Eine permanente inhaltliche Kontrolle der verlinkten Seiten ist jedoch ohne konkrete Anhaltspunkte einer Rechtsverletzung nicht zumutbar. Bei bekannt werden von Rechtsverletzungen wird der Betreiber derartige Links umgehend entfernen.<\/p>\n","protected":false},"excerpt":{"rendered":"<p>Betreiber der Website und verantwortlich f\u00fcr den Inhalt Hof Industrie AGFlorastrasse 1CH-8590 Romanshorn Urheberrechte und Markenrechte Alle Rechte des gesamten Inhaltes und der Abbildungen auf www.hofindustrie.ch, nachfolgend Website genannt, sind Eigentum der Projekt Bau AG, nachfolgend Betreiber genannt. Namen und Logos auf den Webseiten des Betreibers welche Marken darstellen, geniessen den entsprechenden Schutz. Die durch [&hellip;]<\/p>\n","protected":false},"author":1,"featured_media":0,"parent":0,"menu_order":0,"comment_status":"closed","ping_status":"closed","template":"","meta":{"footnotes":""},"class_list":["post-19","page","type-page","status-publish","hentry"],"_links":{"self":[{"href":"https:\/\/hofindustrie.ch\/index.php?rest_route=\/wp\/v2\/pages\/19","targetHints":{"allow":["GET"]}}],"collection":[{"href":"https:\/\/hofindustrie.ch\/index.php?rest_route=\/wp\/v2\/pages"}],"about":[{"href":"https:\/\/hofindustrie.ch\/index.php?rest_route=\/wp\/v2\/types\/page"}],"author":[{"embeddable":true,"href":"https:\/\/hofindustrie.ch\/index.php?rest_route=\/wp\/v2\/users\/1"}],"replies":[{"embeddable":true,"href":"https:\/\/hofindustrie.ch\/index.php?rest_route=%2Fwp%2Fv2%2Fcomments&post=19"}],"version-history":[{"count":3,"href":"https:\/\/hofindustrie.ch\/index.php?rest_route=\/wp\/v2\/pages\/19\/revisions"}],"predecessor-version":[{"id":60,"href":"https:\/\/hofindustrie.ch\/index.php?rest_route=\/wp\/v2\/pages\/19\/revisions\/60"}],"wp:attachment":[{"href":"https:\/\/hofindustrie.ch\/index.php?rest_route=%2Fwp%2Fv2%2Fmedia&parent=19"}],"curies":[{"name":"wp","href":"https:\/\/api.w.org\/{rel}","templated":true}]}}